{"id":6880,"date":"2023-05-13T03:23:37","date_gmt":"2023-05-13T01:23:37","guid":{"rendered":"https:\/\/galeriajasnikowski.pl\/?post_type=product&#038;p=6880"},"modified":"2024-01-01T22:49:42","modified_gmt":"2024-01-01T21:49:42","slug":"portal-miedzyplanetarny","status":"publish","type":"product","link":"https:\/\/galeriajasnikowski.pl\/en\/product\/portal-miedzyplanetarny\/","title":{"rendered":"Jaros\u0142aw JA\u015aNIKOWSKI &#8211; &#8222;Portal mi\u0119dzyplanetarny&#8221;"},"content":{"rendered":"<p>U Jaros\u0142awa Ja\u015bnikowskiego \u015bwiaty si\u0119 przenikaj\u0105, tworz\u0105 alternatywne rzeczywisto\u015bci, wi\u0119c taki portal pomi\u0119dzy planetami nie mo\u017ce dziwi\u0107. Aczkolwiek mo\u017ce zachwyca\u0107 pomys\u0142owo\u015bci\u0105 i kunsztem artystycznym. Staro\u017cytna architektura z obserwuj\u0105cym okiem \u0142\u0105czy si\u0119 futurystycznymi wizjami hiperszybkimi podr\u00f3\u017cami mi\u0119dzy odleg\u0142ymi miejscami w kosmosie. Surrealizm w czystej postaci. A kto z was potrafi odczyta\u0107 napis na budowli?<\/p>","protected":false},"excerpt":{"rendered":"<p>Obraz bra\u0142 udzia\u0142 w wystawie \u201cW \u015bwiecie Magicznego Realizmu \u2013 Arty\u015bci Art\u2019PAIRinternational\u201d w Muzeum Miedzi w Legnicy od maja do wrze\u015bnia 2023 roku oraz w wystawie Sztuki Europejskiej w Pa\u0142acu Wiskotta w Wroc\u0142awiu w listopadzie 2023 r. Oprawiony przez firm\u0119 ramiarsk\u0105 Almat Art z Katowic.<\/p>\n<p><span style=\"color: #006a88\"><a style=\"color: #006a88\" href=\"https:\/\/galeriajasnikowski.pl\/en\/jaroslaw-jasnikowski\/\">About the author (click)<\/a><\/span><\/p>","protected":false},"featured_media":6881,"comment_status":"open","ping_status":"closed","template":"","meta":[],"product_cat":[154],"product_tag":[],"class_list":["post-6880","product","type-product","status-publish","has-post-thumbnail","hentry","product_cat-obrazy"],"_links":{"self":[{"href":"https:\/\/galeriajasnikowski.pl\/en\/wp-json\/wp\/v2\/product\/6880","targetHints":{"allow":["GET"]}}],"collection":[{"href":"https:\/\/galeriajasnikowski.pl\/en\/wp-json\/wp\/v2\/product"}],"about":[{"href":"https:\/\/galeriajasnikowski.pl\/en\/wp-json\/wp\/v2\/types\/product"}],"replies":[{"embeddable":true,"href":"https:\/\/galeriajasnikowski.pl\/en\/wp-json\/wp\/v2\/comments?post=6880"}],"wp:featuredmedia":[{"embeddable":true,"href":"https:\/\/galeriajasnikowski.pl\/en\/wp-json\/wp\/v2\/media\/6881"}],"wp:attachment":[{"href":"https:\/\/galeriajasnikowski.pl\/en\/wp-json\/wp\/v2\/media?parent=6880"}],"wp:term":[{"taxonomy":"product_cat","embeddable":true,"href":"https:\/\/galeriajasnikowski.pl\/en\/wp-json\/wp\/v2\/product_cat?post=6880"},{"taxonomy":"product_tag","embeddable":true,"href":"https:\/\/galeriajasnikowski.pl\/en\/wp-json\/wp\/v2\/product_tag?post=6880"}],"curies":[{"name":"wp","href":"https:\/\/api.w.org\/{rel}","templated":true}]}}