{"id":6872,"date":"2023-05-13T03:16:17","date_gmt":"2023-05-13T01:16:17","guid":{"rendered":"https:\/\/galeriajasnikowski.pl\/?post_type=product&#038;p=6872"},"modified":"2025-07-14T19:46:16","modified_gmt":"2025-07-14T17:46:16","slug":"lalkarze","status":"publish","type":"product","link":"https:\/\/galeriajasnikowski.pl\/en\/product\/lalkarze\/","title":{"rendered":"Monica FAGAN &#8211; &#8222;Les Marionnettistes&#8221;"},"content":{"rendered":"<p>&#8211; Patrz, moja \u017cona robi wszystko, co jej rozka\u017c\u0119. Ja przynosz\u0119 kas\u0119, to niech si\u0119 mnie s\u0142ucha.<\/p>\n<p>&#8211; A patrzcie na mojego m\u0119\u017ca. Owin\u0119\u0142am go sobie wok\u00f3\u0142 paluszka. Inni faceci pytaj\u0105 \u017cony, czy mog\u0105 wyj\u015b\u0107 z kolegami na piwo. On wie, \u017ce nie mo\u017ce!<\/p>\n<p>&#8211; A moi rodzice, biegaj\u0105 wok\u00f3\u0142 mnie jak robociki. Ja sobie gram, siedz\u0119 na fonie, Youtubka ogl\u0105dam, a oni przynosz\u0105 smako\u0142yki, kupuj\u0105 co chc\u0105, sprz\u0105taj\u0105 mi pok\u00f3j. A niech tylko przestan\u0105, to wiem, gdzie zadzwoni\u0107 i co powiedzie\u0107.<\/p>\n<p>&#8211; Haha, dobrzy jeste\u015bcie, ale sobie steruj\u0119 wszystkimi moimi pracownikami, uwielbiam ich poni\u017ca\u0107 i wyzywa\u0107, ja decyduj\u0119, co maj\u0105 zrobi\u0107, a p\u0142ac\u0119 minimaln\u0105, bo i tak nie maj\u0105 alternatywy.<\/p>\n<p>&#8211; A ja jestem influencerem i zabawiam si\u0119 milionami! Milionami ludzi i milionami euro. Mog\u0119 wszystko!<\/p>\n<p>&#8211; LUUUUDZIE!!! Co wy robicie!!?? Czy wy si\u0119 nie wstydzicie? Czy nie widzicie, \u017ce ludzi, kt\u00f3rymi sterujecie, ju\u017c nie ma?! \u017byj\u0105, ale ich nie ma dla \u015bwiata, dla innych ludzi. Zalali\u015bcie ich potopem swojego jadu, swojej chciwo\u015bci i egoizmu. Egzystuj\u0105 pod tafl\u0105 z\u0142udze\u0144, kt\u00f3re zniszczy\u0142y im \u017cycie. Z\u0142udze\u0144, \u017ce b\u0119dzie lepiej, \u017ce si\u0119 zmienicie, \u017ce docenicie, \u017ce kochacie\u2026 Tych ludzi ju\u017c nie ma\u2026 Ale wkr\u00f3tce i was nie b\u0119dzie\u2026 Zginiecie w ogniu nieugaszonym, cierpi\u0105c niewyobra\u017calne m\u0119ki! Jeszcze troch\u0119\u2026<\/p>","protected":false},"excerpt":{"rendered":"<p>Obraz olejny prezentowany na 2 wystawach w Polsce:<\/p>\n<ul>\n<li>Muzeum Miedzi w Legnicy<\/li>\n<li>Miejski Dom Kultury w Lubaniu<\/li>\n<\/ul>\n<p>Obraz b\u0119dzie dost\u0119pny w Polsce do ko\u0144ca 2024 roku, wi\u0119c jest to jedna z ostatnich okazji, \u017ceby go naby\u0107.<\/p>\n<p><span style=\"color: #006a88;\"><a style=\"color: #006a88;\" href=\"https:\/\/galeriajasnikowski.pl\/en\/monica-fagan\/\">About the author (click)<\/a><\/span><\/p>","protected":false},"featured_media":6873,"comment_status":"open","ping_status":"closed","template":"","meta":[],"product_cat":[154],"product_tag":[528,577,509,582,550],"class_list":["post-6872","product","type-product","status-publish","has-post-thumbnail","hentry","product_cat-obrazy","product_tag-artpair","product_tag-fagan","product_tag-jasnikowski","product_tag-marionnettistes","product_tag-surrealism"],"_links":{"self":[{"href":"https:\/\/galeriajasnikowski.pl\/en\/wp-json\/wp\/v2\/product\/6872","targetHints":{"allow":["GET"]}}],"collection":[{"href":"https:\/\/galeriajasnikowski.pl\/en\/wp-json\/wp\/v2\/product"}],"about":[{"href":"https:\/\/galeriajasnikowski.pl\/en\/wp-json\/wp\/v2\/types\/product"}],"replies":[{"embeddable":true,"href":"https:\/\/galeriajasnikowski.pl\/en\/wp-json\/wp\/v2\/comments?post=6872"}],"wp:featuredmedia":[{"embeddable":true,"href":"https:\/\/galeriajasnikowski.pl\/en\/wp-json\/wp\/v2\/media\/6873"}],"wp:attachment":[{"href":"https:\/\/galeriajasnikowski.pl\/en\/wp-json\/wp\/v2\/media?parent=6872"}],"wp:term":[{"taxonomy":"product_cat","embeddable":true,"href":"https:\/\/galeriajasnikowski.pl\/en\/wp-json\/wp\/v2\/product_cat?post=6872"},{"taxonomy":"product_tag","embeddable":true,"href":"https:\/\/galeriajasnikowski.pl\/en\/wp-json\/wp\/v2\/product_tag?post=6872"}],"curies":[{"name":"wp","href":"https:\/\/api.w.org\/{rel}","templated":true}]}}