{"id":6821,"date":"2023-05-13T02:15:07","date_gmt":"2023-05-13T00:15:07","guid":{"rendered":"https:\/\/galeriajasnikowski.pl\/?post_type=product&#038;p=6821"},"modified":"2025-07-14T19:52:30","modified_gmt":"2025-07-14T17:52:30","slug":"nasze-przeznaczenie","status":"publish","type":"product","link":"https:\/\/galeriajasnikowski.pl\/en\/product\/nasze-przeznaczenie\/","title":{"rendered":"Andr\u00e9e BARS &#8211; &#8222;Notre destin\u00e9e&#8221;"},"content":{"rendered":"<p>Balansujemy na linii \u017cycia, od najm\u0142odszych lat. Ju\u017c jako dzieci dostajemy na nasze barki r\u00f3\u017cne ci\u0119\u017cary, czasem leciutkie baloniki, a czasem ci\u0119\u017ck\u0105 kotwic\u0119, kt\u00f3ra mo\u017ce zatrzyma\u0107 psychik\u0119 dziecka na lata. Pomagajmy im swoj\u0105 wiedz\u0105, wiedz\u0105 specjalist\u00f3w, wiedz\u0105 przyjaci\u00f3\u0142 &#8211; wiedza na obrazie symbolizowana przez ksi\u0105\u017cki, kt\u00f3re stabilizuj\u0105 lini\u0119, \u017ceby \u0142atwiej przej\u015b\u0107 przez ni\u0105, przez \u017cycie&#8230;<\/p>","protected":false},"excerpt":{"rendered":"<p>Obraz olejny prezentowany na 2 wystawach w Polsce:<\/p>\n<ul>\n<li>Muzeum Miedzi w Legnicy<\/li>\n<li>Miejski Dom Kultury w Lubaniu<\/li>\n<\/ul>\n<p>Obraz b\u0119dzie dost\u0119pny w Polsce do ko\u0144ca 2024 roku, wi\u0119c jest to jedna z ostatnich okazji, \u017ceby go naby\u0107.<\/p>\n<p><span style=\"color: #006a88;\"><a style=\"color: #006a88;\" href=\"https:\/\/galeriajasnikowski.pl\/en\/andree-bars\/\">About the author (click)<\/a><\/span><\/p>","protected":false},"featured_media":6822,"comment_status":"open","ping_status":"closed","template":"","meta":[],"product_cat":[154],"product_tag":[528,529,533,509,534],"class_list":["post-6821","product","type-product","status-publish","has-post-thumbnail","hentry","product_cat-obrazy","product_tag-artpair","product_tag-bars","product_tag-destinee","product_tag-jasnikowski","product_tag-przeznaczenie"],"_links":{"self":[{"href":"https:\/\/galeriajasnikowski.pl\/en\/wp-json\/wp\/v2\/product\/6821","targetHints":{"allow":["GET"]}}],"collection":[{"href":"https:\/\/galeriajasnikowski.pl\/en\/wp-json\/wp\/v2\/product"}],"about":[{"href":"https:\/\/galeriajasnikowski.pl\/en\/wp-json\/wp\/v2\/types\/product"}],"replies":[{"embeddable":true,"href":"https:\/\/galeriajasnikowski.pl\/en\/wp-json\/wp\/v2\/comments?post=6821"}],"wp:featuredmedia":[{"embeddable":true,"href":"https:\/\/galeriajasnikowski.pl\/en\/wp-json\/wp\/v2\/media\/6822"}],"wp:attachment":[{"href":"https:\/\/galeriajasnikowski.pl\/en\/wp-json\/wp\/v2\/media?parent=6821"}],"wp:term":[{"taxonomy":"product_cat","embeddable":true,"href":"https:\/\/galeriajasnikowski.pl\/en\/wp-json\/wp\/v2\/product_cat?post=6821"},{"taxonomy":"product_tag","embeddable":true,"href":"https:\/\/galeriajasnikowski.pl\/en\/wp-json\/wp\/v2\/product_tag?post=6821"}],"curies":[{"name":"wp","href":"https:\/\/api.w.org\/{rel}","templated":true}]}}